{"id":14828,"date":"2021-04-30T14:26:35","date_gmt":"2021-04-30T14:26:35","guid":{"rendered":"https:\/\/preference-estrie.ca\/?page_id=14828"},"modified":"2026-05-04T14:16:05","modified_gmt":"2026-05-04T14:16:05","slug":"about","status":"publish","type":"page","link":"https:\/\/preference-estrie.ca\/en\/about\/","title":{"rendered":"About us"},"content":{"rendered":"<section class=\"wpb-content-wrapper\"><p>[vc_row themestek_responsive_css=&#8221;66659895|colbreak_no|||||||||colbreak_yes|||||||||colbreak_no||||||||||colbreak_no|||||||||&#8221;][vc_column width=&#8221;1\/2&#8243;][vc_single_image image=&#8221;15481&#8243; img_size=&#8221;full&#8221; el_class=&#8221;ts-image-shadow-1 ts-border-radius-1&#8243;][\/vc_column][vc_column width=&#8221;1\/2&#8243; css=&#8221;.vc_custom_1580792064772{padding-top: 10px !important;}&#8221;]<div class=\"themestek-element-heading-wrapper themestek-heading-inner themestek-element-align-left themestek-seperator-none \"><section class=\"themestek-vc_cta3-container\"><div class=\"themestek-vc_general themestek-vc_cta3 themestek-cta3-only themestek-vc_cta3-style-classic themestek-vc_cta3-shape-rounded themestek-vc_cta3-align-left themestek-vc_cta3-color-transparent themestek-vc_cta3-icon-size-md themestek-vc_cta3-actions-no themestek-cta3-without-desc\"><div class=\"themestek-vc_cta3_content-container\"><div class=\"themestek-vc_cta3-content\"><div class=\"themestek-vc_cta3-content-header themestek-wrap\"><div class=\"themestek-vc_cta3-headers themestek-wrap-cell\"><h4 class=\"themestek-custom-heading \" >Pr\u00e9f\u00e9rence Estrie<\/h4>\n<h2 class=\"themestek-custom-heading \" >Relocation service<\/h2>\n<\/div><\/div><\/div><\/div><\/div><\/section><\/div> <!-- .themestek-element-heading-wrapper container --> [vc_custom_heading text=&#8221;Welcoming newcomers into the community, by the community&#8221; font_container=&#8221;tag:h3|font_size:22px|text_align:left|line_height:36px&#8221; google_fonts=&#8221;font_family:Roboto%3A100%2C100italic%2C300%2C300italic%2Cregular%2Citalic%2C500%2C500italic%2C700%2C700italic%2C900%2C900italic|font_style:300%20light%20regular%3A300%3Anormal&#8221;][vc_column_text]Pr\u00e9f\u00e9rence Estrie is a non-profit organization (NPO) deeply rooted in its community, whose mission is to promote the settlement and long-term integration of people who choose to live and work in the Eastern Townships.<\/p>\n<p>We support employers in the region in integrating their new talent from elsewhere\u2014from Quebec, Canada, or internationally.<\/p>\n<p>Because a well-received talent is a talent that stays, we facilitate every step of the process, from preparation to arrival and integration, through personalized and professional support.<\/p>\n<p>With our local expertise and a concrete understanding of the challenges of international mobility, we manage this process so you can focus your energy where it truly matters.[\/vc_column_text]<ul class=\"themestek-list themestek-list-style-icon themestek-list-icon-color-skincolor themestek- themestek-icon-skincolor themestek-list-textsize- themestek-list-icon-library-themestek_liviza_business_icon themestek-list-sep\"><li><i class=\"themestek-skincolor themestek-liviza-business-icon themestek-liviza-business-icon-check\"><\/i>  <span class=\"themestek-list-li-content\">Services offered in French and English<\/span><\/li><\/ul>\r\n\t\t<div class=\"themestek-vc_btn3-container themestek-vc_btn3-inline vc_custom_1619793575094\"><a class=\"themestek-vc_general themestek-vc_btn3 themestek-vc_btn3-size-md themestek-vc_btn3-shape-rounded themestek-vc_btn3-style-classic themestek-vc_btn3-weight-yes themestek-vc_btn3-color-skincolor\" href=\"https:\/\/preference-estrie.ca\/en\/services-for-employers\/\" title=\"\"><span>See our packages<\/span><\/a><\/div>[\/vc_column][\/vc_row][vc_row themestek_responsive_css=&#8221;66659895|colbreak_no|||||||||colbreak_yes|||||||||colbreak_no||||||||||colbreak_no|||||||||&#8221;][vc_column]<h3 style=\"text-align:left;\" class=\"themestek-custom-heading \" >History<\/h3>\n[vc_column_text]Pr\u00e9f\u00e9rence Estrie was created in 2003 at the initiative of Bruno-Marie B\u00e9chard, Rector of the Universit\u00e9 de Sherbrooke, to help employers in the region better retain talent recruited elsewhere in Quebec, Canada, and internationally. Initially launched as a collaborative pilot project bringing together the academic, industrial, municipal, healthcare, and manufacturing sectors, the organization became a non-profit in 2020.<\/p>\n<p>Today, it facilitates the relocation and retention of more than 120 new recruits and their families each year. Over time, the organization has adapted to diverse needs, a constantly evolving context, and varied international profiles, making the relocation experience for managers, professionals, and skilled workers simple, humane, and positive.[\/vc_column_text][\/vc_column][\/vc_row][vc_row full_width=&#8221;stretch_row&#8221; themestek_responsive_css=&#8221;66659895|colbreak_no|||||||||colbreak_yes|||||||||colbreak_no||||||||||colbreak_no|||||||||&#8221;][vc_column css=&#8221;.vc_custom_1580792064772{padding-top: 10px !important;}&#8221;]<section class=\"themestek-vc_cta3-container\"><div class=\"themestek-vc_general themestek-vc_cta3 themestek-cta3-only themestek-vc_cta3-style-classic themestek-vc_cta3-shape-rounded themestek-vc_cta3-align-center themestek-vc_cta3-color-transparent themestek-vc_cta3-icon-size-md themestek-vc_cta3-actions-bottom themestek-cta3-with-desc\"><div class=\"themestek-vc_cta3_content-container\"><div class=\"themestek-vc_cta3-content\"><div class=\"themestek-vc_cta3-content-header themestek-wrap\"><div class=\"themestek-vc_cta3-headers themestek-wrap-cell\"><\/div><\/div><div class=\"themestek-cta3-content-wrapper\">\n<h4>Are you an employer interested in learning more about our services?<\/h4>\n<p><\/div><\/div><div class=\"themestek-vc_cta3-actions\">\r\n\t\t<div class=\"themestek-vc_btn3-container themestek-vc_btn3-center\"><a class=\"themestek-vc_general themestek-vc_btn3 themestek-vc_btn3-size-md themestek-vc_btn3-shape-rounded themestek-vc_btn3-style-flat themestek-vc_btn3-weight-yes themestek-vc_btn3-color-default\" href=\"https:\/\/preference-estrie.ca\/en\/contact-us\/\" title=\"\"><span>Contact us!<\/span><\/a><\/div><\/div><\/div><\/div><\/section>[\/vc_column][\/vc_row][vc_row themestek_bgcolor=&#8221;grey&#8221; full_width=&#8221;stretch_row&#8221; gap=&#8221;30&#8243; equal_height=&#8221;yes&#8221; themestek_responsive_css=&#8221;66659895|colbreak_no|||||||||colbreak_yes|||||||||colbreak_no||||||||||colbreak_no|||||||||&#8221; css=&#8221;.vc_custom_1701200536469{padding-top: 32px !important;padding-bottom: 32px !important;}&#8221;][vc_column][vc_empty_space height=&#8221;30px&#8221;][vc_empty_space height=&#8221;30px&#8221;][\/vc_column][\/vc_row]<\/p>\n<\/section>","protected":false},"excerpt":{"rendered":"<p>[vc_row themestek_responsive_css=&#8221;66659895|colbreak_no|||||||||colbreak_yes|||||||||colbreak_no||||||||||colbreak_no|||||||||&#8221;][vc_column width=&#8221;1\/2&#8243;][vc_single_image image=&#8221;15481&#8243; img_size=&#8221;full&#8221; el_class=&#8221;ts-image-shadow-1 ts-border-radius-1&#8243;][\/vc_column][vc_column width=&#8221;1\/2&#8243; css=&#8221;.vc_custom_1580792064772{padding-top: 10px !important;}&#8221;][vc_custom_heading text=&#8221;Welcoming newcomers into the community, by the community&#8221; font_container=&#8221;tag:h3|font_size:22px|text_align:left|line_height:36px&#8221; google_fonts=&#8221;font_family:Roboto%3A100%2C100italic%2C300%2C300italic%2Cregular%2Citalic%2C500%2C500italic%2C700%2C700italic%2C900%2C900italic|font_style:300%20light%20regular%3A300%3Anormal&#8221;][vc_column_text]Pr\u00e9f\u00e9rence Estrie is a non-profit organization (NPO) deeply rooted in its community, whose mission is to promote the settlement and long-term integration of people who choose to live and work in the Eastern Townships. We &hellip; <a href=\"https:\/\/preference-estrie.ca\/en\/about\/\" class=\"more-link\">Continue reading <span class=\"screen-reader-text\">About us<\/span><\/a><\/p>\n","protected":false},"author":1,"featured_media":0,"parent":0,"menu_order":7,"comment_status":"closed","ping_status":"closed","template":"","meta":{"_monsterinsights_skip_tracking":false,"_monsterinsights_sitenote_active":false,"_monsterinsights_sitenote_note":"","_monsterinsights_sitenote_category":0,"footnotes":""},"class_list":["post-14828","page","type-page","status-publish","hentry"],"yoast_head":"<!-- This site is optimized with the Yoast SEO plugin v26.2 - https:\/\/yoast.com\/wordpress\/plugins\/seo\/ -->\n<title>About us - Pr\u00e9f\u00e9rence Estrie<\/title>\n<meta name=\"robots\" content=\"index, follow, max-snippet:-1, max-image-preview:large, max-video-preview:-1\" \/>\n<link rel=\"canonical\" href=\"https:\/\/preference-estrie.ca\/en\/about\/\" \/>\n<meta property=\"og:locale\" content=\"en_US\" \/>\n<meta property=\"og:type\" content=\"article\" \/>\n<meta property=\"og:title\" content=\"About us - Pr\u00e9f\u00e9rence Estrie\" \/>\n<meta property=\"og:description\" content=\"[vc_row themestek_responsive_css=&#8221;66659895|colbreak_no|||||||||colbreak_yes|||||||||colbreak_no||||||||||colbreak_no|||||||||&#8221;][vc_column width=&#8221;1\/2&#8243;][vc_single_image image=&#8221;15481&#8243; img_size=&#8221;full&#8221; el_class=&#8221;ts-image-shadow-1 ts-border-radius-1&#8243;][\/vc_column][vc_column width=&#8221;1\/2&#8243; css=&#8221;.vc_custom_1580792064772{padding-top: 10px !important;}&#8221;][vc_custom_heading text=&#8221;Welcoming newcomers into the community, by the community&#8221; font_container=&#8221;tag:h3|font_size:22px|text_align:left|line_height:36px&#8221; google_fonts=&#8221;font_family:Roboto%3A100%2C100italic%2C300%2C300italic%2Cregular%2Citalic%2C500%2C500italic%2C700%2C700italic%2C900%2C900italic|font_style:300%20light%20regular%3A300%3Anormal&#8221;][vc_column_text]Pr\u00e9f\u00e9rence Estrie is a non-profit organization (NPO) deeply rooted in its community, whose mission is to promote the settlement and long-term integration of people who choose to live and work in the Eastern Townships. We &hellip; Continue reading About us\" \/>\n<meta property=\"og:url\" content=\"https:\/\/preference-estrie.ca\/en\/about\/\" \/>\n<meta property=\"og:site_name\" content=\"Pr\u00e9f\u00e9rence Estrie\" \/>\n<meta property=\"article:modified_time\" content=\"2026-05-04T14:16:05+00:00\" \/>\n<meta name=\"twitter:card\" content=\"summary_large_image\" \/>\n<meta name=\"twitter:label1\" content=\"Est. reading time\" \/>\n\t<meta name=\"twitter:data1\" content=\"2 minutes\" \/>\n<script type=\"application\/ld+json\" class=\"yoast-schema-graph\">{\"@context\":\"https:\/\/schema.org\",\"@graph\":[{\"@type\":\"WebPage\",\"@id\":\"https:\/\/preference-estrie.ca\/en\/about\/\",\"url\":\"https:\/\/preference-estrie.ca\/en\/about\/\",\"name\":\"About us - Pr\u00e9f\u00e9rence Estrie\",\"isPartOf\":{\"@id\":\"https:\/\/preference-estrie.ca\/#website\"},\"datePublished\":\"2021-04-30T14:26:35+00:00\",\"dateModified\":\"2026-05-04T14:16:05+00:00\",\"breadcrumb\":{\"@id\":\"https:\/\/preference-estrie.ca\/en\/about\/#breadcrumb\"},\"inLanguage\":\"en-US\",\"potentialAction\":[{\"@type\":\"ReadAction\",\"target\":[\"https:\/\/preference-estrie.ca\/en\/about\/\"]}]},{\"@type\":\"BreadcrumbList\",\"@id\":\"https:\/\/preference-estrie.ca\/en\/about\/#breadcrumb\",\"itemListElement\":[{\"@type\":\"ListItem\",\"position\":1,\"name\":\"Accueil\",\"item\":\"https:\/\/preference-estrie.ca\/en\/\"},{\"@type\":\"ListItem\",\"position\":2,\"name\":\"About us\"}]},{\"@type\":\"WebSite\",\"@id\":\"https:\/\/preference-estrie.ca\/#website\",\"url\":\"https:\/\/preference-estrie.ca\/\",\"name\":\"Pr\u00e9f\u00e9rence Estrie\",\"description\":\"\",\"potentialAction\":[{\"@type\":\"SearchAction\",\"target\":{\"@type\":\"EntryPoint\",\"urlTemplate\":\"https:\/\/preference-estrie.ca\/?s={search_term_string}\"},\"query-input\":{\"@type\":\"PropertyValueSpecification\",\"valueRequired\":true,\"valueName\":\"search_term_string\"}}],\"inLanguage\":\"en-US\"}]}<\/script>\n<!-- \/ Yoast SEO plugin. -->","yoast_head_json":{"title":"About us - Pr\u00e9f\u00e9rence Estrie","robots":{"index":"index","follow":"follow","max-snippet":"max-snippet:-1","max-image-preview":"max-image-preview:large","max-video-preview":"max-video-preview:-1"},"canonical":"https:\/\/preference-estrie.ca\/en\/about\/","og_locale":"en_US","og_type":"article","og_title":"About us - Pr\u00e9f\u00e9rence Estrie","og_description":"[vc_row themestek_responsive_css=&#8221;66659895|colbreak_no|||||||||colbreak_yes|||||||||colbreak_no||||||||||colbreak_no|||||||||&#8221;][vc_column width=&#8221;1\/2&#8243;][vc_single_image image=&#8221;15481&#8243; img_size=&#8221;full&#8221; el_class=&#8221;ts-image-shadow-1 ts-border-radius-1&#8243;][\/vc_column][vc_column width=&#8221;1\/2&#8243; css=&#8221;.vc_custom_1580792064772{padding-top: 10px !important;}&#8221;][vc_custom_heading text=&#8221;Welcoming newcomers into the community, by the community&#8221; font_container=&#8221;tag:h3|font_size:22px|text_align:left|line_height:36px&#8221; google_fonts=&#8221;font_family:Roboto%3A100%2C100italic%2C300%2C300italic%2Cregular%2Citalic%2C500%2C500italic%2C700%2C700italic%2C900%2C900italic|font_style:300%20light%20regular%3A300%3Anormal&#8221;][vc_column_text]Pr\u00e9f\u00e9rence Estrie is a non-profit organization (NPO) deeply rooted in its community, whose mission is to promote the settlement and long-term integration of people who choose to live and work in the Eastern Townships. We &hellip; Continue reading About us","og_url":"https:\/\/preference-estrie.ca\/en\/about\/","og_site_name":"Pr\u00e9f\u00e9rence Estrie","article_modified_time":"2026-05-04T14:16:05+00:00","twitter_card":"summary_large_image","twitter_misc":{"Est. reading time":"2 minutes"},"schema":{"@context":"https:\/\/schema.org","@graph":[{"@type":"WebPage","@id":"https:\/\/preference-estrie.ca\/en\/about\/","url":"https:\/\/preference-estrie.ca\/en\/about\/","name":"About us - Pr\u00e9f\u00e9rence Estrie","isPartOf":{"@id":"https:\/\/preference-estrie.ca\/#website"},"datePublished":"2021-04-30T14:26:35+00:00","dateModified":"2026-05-04T14:16:05+00:00","breadcrumb":{"@id":"https:\/\/preference-estrie.ca\/en\/about\/#breadcrumb"},"inLanguage":"en-US","potentialAction":[{"@type":"ReadAction","target":["https:\/\/preference-estrie.ca\/en\/about\/"]}]},{"@type":"BreadcrumbList","@id":"https:\/\/preference-estrie.ca\/en\/about\/#breadcrumb","itemListElement":[{"@type":"ListItem","position":1,"name":"Accueil","item":"https:\/\/preference-estrie.ca\/en\/"},{"@type":"ListItem","position":2,"name":"About us"}]},{"@type":"WebSite","@id":"https:\/\/preference-estrie.ca\/#website","url":"https:\/\/preference-estrie.ca\/","name":"Pr\u00e9f\u00e9rence Estrie","description":"","potentialAction":[{"@type":"SearchAction","target":{"@type":"EntryPoint","urlTemplate":"https:\/\/preference-estrie.ca\/?s={search_term_string}"},"query-input":{"@type":"PropertyValueSpecification","valueRequired":true,"valueName":"search_term_string"}}],"inLanguage":"en-US"}]}},"_links":{"self":[{"href":"https:\/\/preference-estrie.ca\/en\/wp-json\/wp\/v2\/pages\/14828","targetHints":{"allow":["GET"]}}],"collection":[{"href":"https:\/\/preference-estrie.ca\/en\/wp-json\/wp\/v2\/pages"}],"about":[{"href":"https:\/\/preference-estrie.ca\/en\/wp-json\/wp\/v2\/types\/page"}],"author":[{"embeddable":true,"href":"https:\/\/preference-estrie.ca\/en\/wp-json\/wp\/v2\/users\/1"}],"replies":[{"embeddable":true,"href":"https:\/\/preference-estrie.ca\/en\/wp-json\/wp\/v2\/comments?post=14828"}],"version-history":[{"count":25,"href":"https:\/\/preference-estrie.ca\/en\/wp-json\/wp\/v2\/pages\/14828\/revisions"}],"predecessor-version":[{"id":15528,"href":"https:\/\/preference-estrie.ca\/en\/wp-json\/wp\/v2\/pages\/14828\/revisions\/15528"}],"wp:attachment":[{"href":"https:\/\/preference-estrie.ca\/en\/wp-json\/wp\/v2\/media?parent=14828"}],"curies":[{"name":"wp","href":"https:\/\/api.w.org\/{rel}","templated":true}]}}