{"id":14841,"date":"2021-04-30T14:26:12","date_gmt":"2021-04-30T14:26:12","guid":{"rendered":"https:\/\/preference-estrie.ca\/?page_id=14841"},"modified":"2026-05-04T14:24:47","modified_gmt":"2026-05-04T14:24:47","slug":"services-for-employers","status":"publish","type":"page","link":"https:\/\/preference-estrie.ca\/en\/services-for-employers\/","title":{"rendered":"Relocation"},"content":{"rendered":"<section class=\"wpb-content-wrapper\"><p>[vc_row][vc_column width=&#8221;1\/2&#8243;][vc_row_inner][vc_column_inner][vc_icon icon_fontawesome=&#8221;fas fa-star&#8221; color=&#8221;custom&#8221; size=&#8221;lg&#8221; align=&#8221;center&#8221; custom_color=&#8221;#264a8d&#8221;][vc_column_text]<\/p>\n<h4 style=\"text-align: center;\">Why choose Pr\u00e9f\u00e9rence Estrie?<\/h4>\n<p>[\/vc_column_text]<ul class=\"themestek-list themestek-list-style-icon themestek-list-icon-color-skincolor themestek- themestek-icon-skincolor themestek-list-textsize- themestek-list-icon-library-themestek_liviza_business_icon themestek-list-sep vc_custom_1777904220985\"><li><i class=\"themestek-skincolor themestek-liviza-business-icon themestek-liviza-business-icon-check\"><\/i>  <span class=\"themestek-list-li-content\">We know the region and its people: With over 20 years of experience and strong local roots, we connect newcomers to the right resources, neighbourhoods, and community networks so they feel at home faster.<\/span><\/li><li><i class=\"themestek-skincolor themestek-liviza-business-icon themestek-liviza-business-icon-check\"><\/i>  <span class=\"themestek-list-li-content\">We are a non-profit organization: You are assured of genuine, locally rooted support, guided not by price competition, but by our mission: to make every relocation a lasting success for the individual, the employer, and the community.<\/span><\/li><li><i class=\"themestek-skincolor themestek-liviza-business-icon themestek-liviza-business-icon-check\"><\/i>  <span class=\"themestek-list-li-content\">We expand your talent pool: Employer clients of Pr\u00e9f\u00e9rence Estrie services have priority access to our candidate pool, which includes the spouses of the talent we relocate.<\/span><\/li><\/ul>[\/vc_column_inner][\/vc_row_inner][\/vc_column][vc_column width=&#8221;1\/2&#8243;][vc_row_inner][vc_column_inner][vc_icon icon_fontawesome=&#8221;fas fa-globe&#8221; color=&#8221;custom&#8221; size=&#8221;lg&#8221; align=&#8221;center&#8221; custom_color=&#8221;#264a8d&#8221;][vc_column_text]<\/p>\n<h4 style=\"text-align: center;\">What we offer<\/h4>\n<p>[\/vc_column_text][vc_column_text]At Pr\u00e9f\u00e9rence Estrie, we support talented individuals and their families from the very first stages of their relocation:[\/vc_column_text]<ul class=\"themestek-list themestek-list-style-icon themestek-list-icon-color-skincolor themestek- themestek-icon-skincolor themestek-list-textsize- themestek-list-icon-library-themestek_liviza_business_icon themestek-list-sep vc_custom_1777904304340\"><li><i class=\"themestek-skincolor themestek-liviza-business-icon themestek-liviza-business-icon-check\"><\/i>  <span class=\"themestek-list-li-content\">Housing search<\/span><\/li><li><i class=\"themestek-skincolor themestek-liviza-business-icon themestek-liviza-business-icon-check\"><\/i>  <span class=\"themestek-list-li-content\">Administrative procedures<\/span><\/li><li><i class=\"themestek-skincolor themestek-liviza-business-icon themestek-liviza-business-icon-check\"><\/i>  <span class=\"themestek-list-li-content\">Transportation and mobility<\/span><\/li><li><i class=\"themestek-skincolor themestek-liviza-business-icon themestek-liviza-business-icon-check\"><\/i>  <span class=\"themestek-list-li-content\">Schools, daycare, and services<\/span><\/li><li><i class=\"themestek-skincolor themestek-liviza-business-icon themestek-liviza-business-icon-check\"><\/i>  <span class=\"themestek-list-li-content\">Professional integration of spouses<\/span><\/li><\/ul>[vc_column_text]Our approach is human and personalized. We take the time to listen, understand, and tailor each individual&#8217;s journey to facilitate a successful and sustainable relocation.[\/vc_column_text][\/vc_column_inner][\/vc_row_inner][\/vc_column][\/vc_row][vc_row css=&#8221;.vc_custom_1606401068582{padding-top: 50px !important;}&#8221;][vc_column]<h2 style=\"text-align:left;\" class=\"themestek-custom-heading \" >We support your new recruits before, during, and after their arrival<\/h2>\n[vc_column_text]<\/p>\n<h4>Our services are tailored to the context and aim to simplify every step of the installation process, from preparing for arrival to integrating into the new living environment.<\/h4>\n<p>[\/vc_column_text][\/vc_column][\/vc_row][vc_row][vc_column el_id=&#8221;celibataire&#8221;][vc_column_text]<\/p>\n<h4>Before your departure:<\/h4>\n<p>Every relocation begins with a personalized video call to fully understand the candidate\u2019s situation, needs, and expectations.<\/p>\n<h4>Support during your relocation:<\/h4>\n<p>From housing search to navigating administrative procedures, our team provides individualized follow-up, shares key information, and sends reminders throughout the entire process.<\/p>\n<h4>Integration that goes beyond logistics:<\/h4>\n<p>Newcomers are guided in building connections within their community, discovering local life, developing social relationships, and quickly feeling at home in the Eastern Townships.<\/p>\n<h4>Our packages:<\/h4>\n<p>Our relocation packages are designed to meet a variety of needs, offering tailored solutions for individuals, couples, and families.<br \/>\nEach package emphasizes flexibility and ongoing support throughout the relocation process.[\/vc_column_text]<section class=\"themestek-vc_cta3-container\"><div class=\"themestek-vc_general themestek-vc_cta3 themestek-cta3-only themestek-vc_cta3-style-classic themestek-vc_cta3-shape-rounded themestek-vc_cta3-align-center themestek-vc_cta3-color-transparent themestek-vc_cta3-icon-size-md themestek-vc_cta3-actions-bottom themestek-cta3-with-desc\"><div class=\"themestek-vc_cta3_content-container\"><div class=\"themestek-vc_cta3-content\"><div class=\"themestek-vc_cta3-content-header themestek-wrap\"><div class=\"themestek-vc_cta3-headers themestek-wrap-cell\"><\/div><\/div><div class=\"themestek-cta3-content-wrapper\">\n<h4>Learn more about our packages by contacting us!<\/h4>\n<p><\/div><\/div><div class=\"themestek-vc_cta3-actions\">\r\n\t\t<div class=\"themestek-vc_btn3-container themestek-vc_btn3-center\"><a class=\"themestek-vc_general themestek-vc_btn3 themestek-vc_btn3-size-md themestek-vc_btn3-shape-rounded themestek-vc_btn3-style-flat themestek-vc_btn3-weight-yes themestek-vc_btn3-color-default\" href=\"https:\/\/preference-estrie.ca\/en\/contact-us\/\" title=\"\"><span>Contact us for more information<\/span><\/a><\/div><\/div><\/div><\/div><\/section>[\/vc_column][\/vc_row][vc_row css=&#8221;.vc_custom_1606401068582{padding-top: 50px !important;}&#8221;][vc_column]<h2 style=\"text-align:left;\" class=\"themestek-custom-heading \" >Frequently asked questions<\/h2>\n[vc_tta_accordion][vc_tta_section title=&#8221;Do you offer relocation services outside of Sherbrooke?&#8221; tab_id=&#8221;1777904572741-1a23fc20-c140&#8243;][vc_column_text]Yes. We serve all 9 territories of the Eastern Townships: MRC de Brome-Missisquoi, MRC de Coaticook, MRC de La Haute-Yamaska, MRC des Sources, MRC du Granit, MRC du Haut-Saint-Fran\u00e7ois, MRC du Val-Saint-Fran\u00e7ois, MRC de Memphr\u00e9magog and Sherbrooke.[\/vc_column_text][\/vc_tta_section][vc_tta_section title=&#8221;I&#8217;m hiring new talent from outside the company. When should I contact you?&#8221; tab_id=&#8221;1777904572753-6d1eb9da-f8b0&#8243;][vc_column_text] Ideally, this should be done between 3 months and 2 weeks before the planned arrival date, to allow for initial contact with the candidate. As soon as the arrival date is confirmed, we can begin all the necessary steps, including finding accommodation and planning the move-in.[\/vc_column_text][\/vc_tta_section][vc_tta_section title=&#8221;Do you only support newcomers from outside Canada?&#8221; tab_id=&#8221;1777904638980-b80bd12a-1e7d&#8221;][vc_column_text]No. We support anyone who relocates to the Eastern Townships for work, whether they come from another region of Quebec, another province, or from abroad.[\/vc_column_text][\/vc_tta_section][\/vc_tta_accordion][\/vc_column][\/vc_row][vc_row][vc_column]<section class=\"themestek-vc_cta3-container\"><div class=\"themestek-vc_general themestek-vc_cta3 themestek-cta3-only themestek-vc_cta3-style-classic themestek-vc_cta3-shape-rounded themestek-vc_cta3-align-center themestek-vc_cta3-color-transparent themestek-vc_cta3-icon-size-md themestek-vc_cta3-actions-bottom themestek-cta3-with-desc\"><div class=\"themestek-vc_cta3_content-container\"><div class=\"themestek-vc_cta3-content\"><div class=\"themestek-vc_cta3-content-header themestek-wrap\"><div class=\"themestek-vc_cta3-headers themestek-wrap-cell\"><\/div><\/div><div class=\"themestek-cta3-content-wrapper\">\n<h4>For any other information, contact us!<\/h4>\n<p><\/div><\/div><div class=\"themestek-vc_cta3-actions\">\r\n\t\t<div class=\"themestek-vc_btn3-container themestek-vc_btn3-center\"><a class=\"themestek-vc_general themestek-vc_btn3 themestek-vc_btn3-size-md themestek-vc_btn3-shape-rounded themestek-vc_btn3-style-flat themestek-vc_btn3-weight-yes themestek-vc_btn3-color-default\" href=\"https:\/\/preference-estrie.ca\/en\/contact-us\/\" title=\"\"><span>Contact us<\/span><\/a><\/div><\/div><\/div><\/div><\/section>[\/vc_column][\/vc_row]<\/p>\n<\/section>","protected":false},"excerpt":{"rendered":"<p>[vc_row][vc_column width=&#8221;1\/2&#8243;][vc_row_inner][vc_column_inner][vc_icon icon_fontawesome=&#8221;fas fa-star&#8221; color=&#8221;custom&#8221; size=&#8221;lg&#8221; align=&#8221;center&#8221; custom_color=&#8221;#264a8d&#8221;][vc_column_text] Why choose Pr\u00e9f\u00e9rence Estrie? [\/vc_column_text][\/vc_column_inner][\/vc_row_inner][\/vc_column][vc_column width=&#8221;1\/2&#8243;][vc_row_inner][vc_column_inner][vc_icon icon_fontawesome=&#8221;fas fa-globe&#8221; color=&#8221;custom&#8221; size=&#8221;lg&#8221; align=&#8221;center&#8221; custom_color=&#8221;#264a8d&#8221;][vc_column_text] What we offer [\/vc_column_text][vc_column_text]At Pr\u00e9f\u00e9rence Estrie, we support talented individuals and their families from the very first stages of their relocation:[\/vc_column_text][vc_column_text]Our approach is human and personalized. We take the time to listen, understand, and tailor &hellip; <a href=\"https:\/\/preference-estrie.ca\/en\/services-for-employers\/\" class=\"more-link\">Continue reading <span class=\"screen-reader-text\">Relocation<\/span><\/a><\/p>\n","protected":false},"author":1,"featured_media":0,"parent":0,"menu_order":4,"comment_status":"closed","ping_status":"closed","template":"","meta":{"_monsterinsights_skip_tracking":false,"_monsterinsights_sitenote_active":false,"_monsterinsights_sitenote_note":"","_monsterinsights_sitenote_category":0,"footnotes":""},"class_list":["post-14841","page","type-page","status-publish","hentry"],"yoast_head":"<!-- This site is optimized with the Yoast SEO plugin v26.2 - https:\/\/yoast.com\/wordpress\/plugins\/seo\/ -->\n<title>Relocation - Pr\u00e9f\u00e9rence Estrie<\/title>\n<meta name=\"robots\" content=\"index, follow, max-snippet:-1, max-image-preview:large, max-video-preview:-1\" \/>\n<link rel=\"canonical\" href=\"https:\/\/preference-estrie.ca\/en\/services-for-employers\/\" \/>\n<meta property=\"og:locale\" content=\"en_US\" \/>\n<meta property=\"og:type\" content=\"article\" \/>\n<meta property=\"og:title\" content=\"Relocation - Pr\u00e9f\u00e9rence Estrie\" \/>\n<meta property=\"og:description\" content=\"[vc_row][vc_column width=&#8221;1\/2&#8243;][vc_row_inner][vc_column_inner][vc_icon icon_fontawesome=&#8221;fas fa-star&#8221; color=&#8221;custom&#8221; size=&#8221;lg&#8221; align=&#8221;center&#8221; custom_color=&#8221;#264a8d&#8221;][vc_column_text] Why choose Pr\u00e9f\u00e9rence Estrie? [\/vc_column_text][\/vc_column_inner][\/vc_row_inner][\/vc_column][vc_column width=&#8221;1\/2&#8243;][vc_row_inner][vc_column_inner][vc_icon icon_fontawesome=&#8221;fas fa-globe&#8221; color=&#8221;custom&#8221; size=&#8221;lg&#8221; align=&#8221;center&#8221; custom_color=&#8221;#264a8d&#8221;][vc_column_text] What we offer [\/vc_column_text][vc_column_text]At Pr\u00e9f\u00e9rence Estrie, we support talented individuals and their families from the very first stages of their relocation:[\/vc_column_text][vc_column_text]Our approach is human and personalized. We take the time to listen, understand, and tailor &hellip; Continue reading Relocation\" \/>\n<meta property=\"og:url\" content=\"https:\/\/preference-estrie.ca\/en\/services-for-employers\/\" \/>\n<meta property=\"og:site_name\" content=\"Pr\u00e9f\u00e9rence Estrie\" \/>\n<meta property=\"article:modified_time\" content=\"2026-05-04T14:24:47+00:00\" \/>\n<meta name=\"twitter:card\" content=\"summary_large_image\" \/>\n<meta name=\"twitter:label1\" content=\"Est. reading time\" \/>\n\t<meta name=\"twitter:data1\" content=\"3 minutes\" \/>\n<script type=\"application\/ld+json\" class=\"yoast-schema-graph\">{\"@context\":\"https:\/\/schema.org\",\"@graph\":[{\"@type\":\"WebPage\",\"@id\":\"https:\/\/preference-estrie.ca\/en\/services-for-employers\/\",\"url\":\"https:\/\/preference-estrie.ca\/en\/services-for-employers\/\",\"name\":\"Relocation - Pr\u00e9f\u00e9rence Estrie\",\"isPartOf\":{\"@id\":\"https:\/\/preference-estrie.ca\/#website\"},\"datePublished\":\"2021-04-30T14:26:12+00:00\",\"dateModified\":\"2026-05-04T14:24:47+00:00\",\"breadcrumb\":{\"@id\":\"https:\/\/preference-estrie.ca\/en\/services-for-employers\/#breadcrumb\"},\"inLanguage\":\"en-US\",\"potentialAction\":[{\"@type\":\"ReadAction\",\"target\":[\"https:\/\/preference-estrie.ca\/en\/services-for-employers\/\"]}]},{\"@type\":\"BreadcrumbList\",\"@id\":\"https:\/\/preference-estrie.ca\/en\/services-for-employers\/#breadcrumb\",\"itemListElement\":[{\"@type\":\"ListItem\",\"position\":1,\"name\":\"Accueil\",\"item\":\"https:\/\/preference-estrie.ca\/en\/\"},{\"@type\":\"ListItem\",\"position\":2,\"name\":\"Relocation\"}]},{\"@type\":\"WebSite\",\"@id\":\"https:\/\/preference-estrie.ca\/#website\",\"url\":\"https:\/\/preference-estrie.ca\/\",\"name\":\"Pr\u00e9f\u00e9rence Estrie\",\"description\":\"\",\"potentialAction\":[{\"@type\":\"SearchAction\",\"target\":{\"@type\":\"EntryPoint\",\"urlTemplate\":\"https:\/\/preference-estrie.ca\/?s={search_term_string}\"},\"query-input\":{\"@type\":\"PropertyValueSpecification\",\"valueRequired\":true,\"valueName\":\"search_term_string\"}}],\"inLanguage\":\"en-US\"}]}<\/script>\n<!-- \/ Yoast SEO plugin. -->","yoast_head_json":{"title":"Relocation - Pr\u00e9f\u00e9rence Estrie","robots":{"index":"index","follow":"follow","max-snippet":"max-snippet:-1","max-image-preview":"max-image-preview:large","max-video-preview":"max-video-preview:-1"},"canonical":"https:\/\/preference-estrie.ca\/en\/services-for-employers\/","og_locale":"en_US","og_type":"article","og_title":"Relocation - Pr\u00e9f\u00e9rence Estrie","og_description":"[vc_row][vc_column width=&#8221;1\/2&#8243;][vc_row_inner][vc_column_inner][vc_icon icon_fontawesome=&#8221;fas fa-star&#8221; color=&#8221;custom&#8221; size=&#8221;lg&#8221; align=&#8221;center&#8221; custom_color=&#8221;#264a8d&#8221;][vc_column_text] Why choose Pr\u00e9f\u00e9rence Estrie? [\/vc_column_text][\/vc_column_inner][\/vc_row_inner][\/vc_column][vc_column width=&#8221;1\/2&#8243;][vc_row_inner][vc_column_inner][vc_icon icon_fontawesome=&#8221;fas fa-globe&#8221; color=&#8221;custom&#8221; size=&#8221;lg&#8221; align=&#8221;center&#8221; custom_color=&#8221;#264a8d&#8221;][vc_column_text] What we offer [\/vc_column_text][vc_column_text]At Pr\u00e9f\u00e9rence Estrie, we support talented individuals and their families from the very first stages of their relocation:[\/vc_column_text][vc_column_text]Our approach is human and personalized. We take the time to listen, understand, and tailor &hellip; Continue reading Relocation","og_url":"https:\/\/preference-estrie.ca\/en\/services-for-employers\/","og_site_name":"Pr\u00e9f\u00e9rence Estrie","article_modified_time":"2026-05-04T14:24:47+00:00","twitter_card":"summary_large_image","twitter_misc":{"Est. reading time":"3 minutes"},"schema":{"@context":"https:\/\/schema.org","@graph":[{"@type":"WebPage","@id":"https:\/\/preference-estrie.ca\/en\/services-for-employers\/","url":"https:\/\/preference-estrie.ca\/en\/services-for-employers\/","name":"Relocation - Pr\u00e9f\u00e9rence Estrie","isPartOf":{"@id":"https:\/\/preference-estrie.ca\/#website"},"datePublished":"2021-04-30T14:26:12+00:00","dateModified":"2026-05-04T14:24:47+00:00","breadcrumb":{"@id":"https:\/\/preference-estrie.ca\/en\/services-for-employers\/#breadcrumb"},"inLanguage":"en-US","potentialAction":[{"@type":"ReadAction","target":["https:\/\/preference-estrie.ca\/en\/services-for-employers\/"]}]},{"@type":"BreadcrumbList","@id":"https:\/\/preference-estrie.ca\/en\/services-for-employers\/#breadcrumb","itemListElement":[{"@type":"ListItem","position":1,"name":"Accueil","item":"https:\/\/preference-estrie.ca\/en\/"},{"@type":"ListItem","position":2,"name":"Relocation"}]},{"@type":"WebSite","@id":"https:\/\/preference-estrie.ca\/#website","url":"https:\/\/preference-estrie.ca\/","name":"Pr\u00e9f\u00e9rence Estrie","description":"","potentialAction":[{"@type":"SearchAction","target":{"@type":"EntryPoint","urlTemplate":"https:\/\/preference-estrie.ca\/?s={search_term_string}"},"query-input":{"@type":"PropertyValueSpecification","valueRequired":true,"valueName":"search_term_string"}}],"inLanguage":"en-US"}]}},"_links":{"self":[{"href":"https:\/\/preference-estrie.ca\/en\/wp-json\/wp\/v2\/pages\/14841","targetHints":{"allow":["GET"]}}],"collection":[{"href":"https:\/\/preference-estrie.ca\/en\/wp-json\/wp\/v2\/pages"}],"about":[{"href":"https:\/\/preference-estrie.ca\/en\/wp-json\/wp\/v2\/types\/page"}],"author":[{"embeddable":true,"href":"https:\/\/preference-estrie.ca\/en\/wp-json\/wp\/v2\/users\/1"}],"replies":[{"embeddable":true,"href":"https:\/\/preference-estrie.ca\/en\/wp-json\/wp\/v2\/comments?post=14841"}],"version-history":[{"count":13,"href":"https:\/\/preference-estrie.ca\/en\/wp-json\/wp\/v2\/pages\/14841\/revisions"}],"predecessor-version":[{"id":15533,"href":"https:\/\/preference-estrie.ca\/en\/wp-json\/wp\/v2\/pages\/14841\/revisions\/15533"}],"wp:attachment":[{"href":"https:\/\/preference-estrie.ca\/en\/wp-json\/wp\/v2\/media?parent=14841"}],"curies":[{"name":"wp","href":"https:\/\/api.w.org\/{rel}","templated":true}]}}