{"id":14854,"date":"2021-04-30T14:30:19","date_gmt":"2021-04-30T14:30:19","guid":{"rendered":"https:\/\/preference-estrie.ca\/?page_id=14854"},"modified":"2026-03-02T20:46:52","modified_gmt":"2026-03-02T20:46:52","slug":"services-for-new-employees","status":"publish","type":"page","link":"https:\/\/preference-estrie.ca\/en\/services-for-new-employees\/","title":{"rendered":"Newcomers"},"content":{"rendered":"<section class=\"wpb-content-wrapper\"><p>[vc_row css=&#8221;.vc_custom_1606401068582{padding-top: 50px !important;}&#8221;][vc_column]<h2 style=\"text-align:left;\" class=\"themestek-custom-heading \" >Information for newcomers<\/h2>\n[vc_column_text]<\/p>\n<h4>Preference Estrie can facilitate your individual, couple or family relocation to the region.\u00a0 Our packages include the services below, however it&#8217;s also possible to customize the serivce to your needs with an hourly rate.\u00a0 Don&#8217;t hesitate to contact us so we can tailor a service that&#8217;s right for you.<\/h4>\n<p>[\/vc_column_text][\/vc_column][\/vc_row][vc_row][vc_column]<h3 style=\"text-align:left;\" class=\"themestek-custom-heading \" >Here are some of the services available:<\/h3>\n[vc_empty_space][\/vc_column][\/vc_row][vc_row][vc_column width=&#8221;1\/2&#8243;][vc_row_inner][vc_column_inner width=&#8221;1\/4&#8243; css=&#8221;.vc_custom_1612454328373{margin-top: 50px !important;}&#8221;][vc_icon icon_fontawesome=&#8221;fas fa-building&#8221; color=&#8221;custom&#8221; size=&#8221;lg&#8221; align=&#8221;center&#8221; custom_color=&#8221;#264a8d&#8221;][\/vc_column_inner][vc_column_inner width=&#8221;3\/4&#8243;][vc_column_text]<\/p>\n<h4>TEMPORARY HOUSING<\/h4>\n<p>If necessary, during an international arrival, Pr\u00e9f\u00e9rence Estrie can help you find temporary housing.[\/vc_column_text][\/vc_column_inner][\/vc_row_inner][vc_row_inner][vc_column_inner width=&#8221;1\/4&#8243; css=&#8221;.vc_custom_1612454360605{margin-top: 50px !important;}&#8221;][vc_icon icon_fontawesome=&#8221;fas fa-home&#8221; color=&#8221;custom&#8221; size=&#8221;lg&#8221; align=&#8221;center&#8221; custom_color=&#8221;#264a8d&#8221;][\/vc_column_inner][vc_column_inner width=&#8221;3\/4&#8243;][vc_column_text]<\/p>\n<h4>PERMANENT HOUSING<\/h4>\n<p>Whether you are single, a couple or a family, Pr\u00e9f\u00e9rence Estrie will actively help you in your search for housing that meets your criteria, depending on the resources available in the region and the season.[\/vc_column_text][\/vc_column_inner][\/vc_row_inner][vc_row_inner][vc_column_inner width=&#8221;1\/4&#8243; css=&#8221;.vc_custom_1612454376805{margin-top: 50px !important;}&#8221;][vc_icon icon_fontawesome=&#8221;fas fa-school&#8221; color=&#8221;custom&#8221; align=&#8221;center&#8221; custom_color=&#8221;#264a8d&#8221;][\/vc_column_inner][vc_column_inner width=&#8221;3\/4&#8243;][vc_column_text]<\/p>\n<h4>SCHOOLS AND DAYCARES<\/h4>\n<p>Pr\u00e9f\u00e9rence Estrie will help you learn how to register your children and teenagers in the many public and private preschools, daycare centres, elementary and secondary schools that offer a variety of educational programs in the region.[\/vc_column_text][\/vc_column_inner][\/vc_row_inner][\/vc_column][vc_column width=&#8221;1\/2&#8243;][vc_row_inner][vc_column_inner width=&#8221;1\/4&#8243; css=&#8221;.vc_custom_1612454351804{margin-top: 50px !important;}&#8221;][vc_icon icon_fontawesome=&#8221;fas fa-users&#8221; color=&#8221;custom&#8221; align=&#8221;center&#8221; custom_color=&#8221;#264a8d&#8221;][\/vc_column_inner][vc_column_inner width=&#8221;3\/4&#8243;][vc_column_text]<\/p>\n<h4>SUPPORT FOR SOCIAL INTEGRATION<\/h4>\n<p>To help you make friends outside the workplace, Pr\u00e9f\u00e9rence Estrie will send you a monthly newsletter of activities in the region, invite you to social events and search for clubs and associations for recreation, sports, culture, cultural communities, personal culture courses (dance, singing, etc.), etc.[\/vc_column_text][\/vc_column_inner][\/vc_row_inner][vc_row_inner][vc_column_inner width=&#8221;1\/4&#8243; css=&#8221;.vc_custom_1612454370100{margin-top: 50px !important;}&#8221;][vc_icon icon_fontawesome=&#8221;fas fa-file-alt&#8221; color=&#8221;custom&#8221; size=&#8221;lg&#8221; align=&#8221;center&#8221; custom_color=&#8221;#264a8d&#8221;][\/vc_column_inner][vc_column_inner width=&#8221;3\/4&#8243;][vc_column_text]<\/p>\n<h4>ADMINISTRATIVE FORMALITIES<\/h4>\n<p>In order to settle in Qu\u00e9bec and the Eastern Townships, certain administrative procedures must be completed. Pr\u00e9f\u00e9rence Estrie will be happy to guide you through them.[\/vc_column_text][\/vc_column_inner][\/vc_row_inner][vc_row_inner][vc_column_inner width=&#8221;1\/4&#8243; css=&#8221;.vc_custom_1612454387356{margin-top: 50px !important;}&#8221;][vc_icon icon_fontawesome=&#8221;fas fa-briefcase&#8221; color=&#8221;custom&#8221; align=&#8221;center&#8221; custom_color=&#8221;#264a8d&#8221;][\/vc_column_inner][vc_column_inner width=&#8221;3\/4&#8243;][vc_column_text]<\/p>\n<h4>SUPPORT FOR THE SPOUSE&#8217;S JOB SEARCH<\/h4>\n<p>The Eastern Townships region has a diversified economy that offers jobs to spouses with professional, technical and university training. Pr\u00e9f\u00e9rence Estrie will guide you towards employability resources (CV, interview techniques, etc.), learning (English, French, software, etc.) and potential employers.[\/vc_column_text][\/vc_column_inner][\/vc_row_inner][\/vc_column][\/vc_row]<\/p>\n<\/section>","protected":false},"excerpt":{"rendered":"<p>[vc_row css=&#8221;.vc_custom_1606401068582{padding-top: 50px !important;}&#8221;][vc_column][vc_column_text] Preference Estrie can facilitate your individual, couple or family relocation to the region.\u00a0 Our packages include the services below, however it&#8217;s also possible to customize the serivce to your needs with an hourly rate.\u00a0 Don&#8217;t hesitate to contact us so we can tailor a service that&#8217;s right for you. [\/vc_column_text][\/vc_column][\/vc_row][vc_row][vc_column][vc_empty_space][\/vc_column][\/vc_row][vc_row][vc_column width=&#8221;1\/2&#8243;][vc_row_inner][vc_column_inner &hellip; <a href=\"https:\/\/preference-estrie.ca\/en\/services-for-new-employees\/\" class=\"more-link\">Continue reading <span class=\"screen-reader-text\">Newcomers<\/span><\/a><\/p>\n","protected":false},"author":1,"featured_media":0,"parent":0,"menu_order":4,"comment_status":"closed","ping_status":"closed","template":"","meta":{"_monsterinsights_skip_tracking":false,"_monsterinsights_sitenote_active":false,"_monsterinsights_sitenote_note":"","_monsterinsights_sitenote_category":0,"footnotes":""},"class_list":["post-14854","page","type-page","status-publish","hentry"],"yoast_head":"<!-- This site is optimized with the Yoast SEO plugin v26.2 - https:\/\/yoast.com\/wordpress\/plugins\/seo\/ -->\n<title>Newcomers - Pr\u00e9f\u00e9rence Estrie<\/title>\n<meta name=\"robots\" content=\"index, follow, max-snippet:-1, max-image-preview:large, max-video-preview:-1\" \/>\n<link rel=\"canonical\" href=\"https:\/\/preference-estrie.ca\/en\/services-for-new-employees\/\" \/>\n<meta property=\"og:locale\" content=\"en_US\" \/>\n<meta property=\"og:type\" content=\"article\" \/>\n<meta property=\"og:title\" content=\"Newcomers - Pr\u00e9f\u00e9rence Estrie\" \/>\n<meta property=\"og:description\" content=\"[vc_row css=&#8221;.vc_custom_1606401068582{padding-top: 50px !important;}&#8221;][vc_column][vc_column_text] Preference Estrie can facilitate your individual, couple or family relocation to the region.\u00a0 Our packages include the services below, however it&#8217;s also possible to customize the serivce to your needs with an hourly rate.\u00a0 Don&#8217;t hesitate to contact us so we can tailor a service that&#8217;s right for you. [\/vc_column_text][\/vc_column][\/vc_row][vc_row][vc_column][vc_empty_space][\/vc_column][\/vc_row][vc_row][vc_column width=&#8221;1\/2&#8243;][vc_row_inner][vc_column_inner &hellip; Continue reading Newcomers\" \/>\n<meta property=\"og:url\" content=\"https:\/\/preference-estrie.ca\/en\/services-for-new-employees\/\" \/>\n<meta property=\"og:site_name\" content=\"Pr\u00e9f\u00e9rence Estrie\" \/>\n<meta property=\"article:modified_time\" content=\"2026-03-02T20:46:52+00:00\" \/>\n<meta name=\"twitter:card\" content=\"summary_large_image\" \/>\n<meta name=\"twitter:label1\" content=\"Est. reading time\" \/>\n\t<meta name=\"twitter:data1\" content=\"2 minutes\" \/>\n<script type=\"application\/ld+json\" class=\"yoast-schema-graph\">{\"@context\":\"https:\/\/schema.org\",\"@graph\":[{\"@type\":\"WebPage\",\"@id\":\"https:\/\/preference-estrie.ca\/en\/services-for-new-employees\/\",\"url\":\"https:\/\/preference-estrie.ca\/en\/services-for-new-employees\/\",\"name\":\"Newcomers - Pr\u00e9f\u00e9rence Estrie\",\"isPartOf\":{\"@id\":\"https:\/\/preference-estrie.ca\/#website\"},\"datePublished\":\"2021-04-30T14:30:19+00:00\",\"dateModified\":\"2026-03-02T20:46:52+00:00\",\"breadcrumb\":{\"@id\":\"https:\/\/preference-estrie.ca\/en\/services-for-new-employees\/#breadcrumb\"},\"inLanguage\":\"en-US\",\"potentialAction\":[{\"@type\":\"ReadAction\",\"target\":[\"https:\/\/preference-estrie.ca\/en\/services-for-new-employees\/\"]}]},{\"@type\":\"BreadcrumbList\",\"@id\":\"https:\/\/preference-estrie.ca\/en\/services-for-new-employees\/#breadcrumb\",\"itemListElement\":[{\"@type\":\"ListItem\",\"position\":1,\"name\":\"Accueil\",\"item\":\"https:\/\/preference-estrie.ca\/en\/\"},{\"@type\":\"ListItem\",\"position\":2,\"name\":\"Newcomers\"}]},{\"@type\":\"WebSite\",\"@id\":\"https:\/\/preference-estrie.ca\/#website\",\"url\":\"https:\/\/preference-estrie.ca\/\",\"name\":\"Pr\u00e9f\u00e9rence Estrie\",\"description\":\"\",\"potentialAction\":[{\"@type\":\"SearchAction\",\"target\":{\"@type\":\"EntryPoint\",\"urlTemplate\":\"https:\/\/preference-estrie.ca\/?s={search_term_string}\"},\"query-input\":{\"@type\":\"PropertyValueSpecification\",\"valueRequired\":true,\"valueName\":\"search_term_string\"}}],\"inLanguage\":\"en-US\"}]}<\/script>\n<!-- \/ Yoast SEO plugin. -->","yoast_head_json":{"title":"Newcomers - Pr\u00e9f\u00e9rence Estrie","robots":{"index":"index","follow":"follow","max-snippet":"max-snippet:-1","max-image-preview":"max-image-preview:large","max-video-preview":"max-video-preview:-1"},"canonical":"https:\/\/preference-estrie.ca\/en\/services-for-new-employees\/","og_locale":"en_US","og_type":"article","og_title":"Newcomers - Pr\u00e9f\u00e9rence Estrie","og_description":"[vc_row css=&#8221;.vc_custom_1606401068582{padding-top: 50px !important;}&#8221;][vc_column][vc_column_text] Preference Estrie can facilitate your individual, couple or family relocation to the region.\u00a0 Our packages include the services below, however it&#8217;s also possible to customize the serivce to your needs with an hourly rate.\u00a0 Don&#8217;t hesitate to contact us so we can tailor a service that&#8217;s right for you. [\/vc_column_text][\/vc_column][\/vc_row][vc_row][vc_column][vc_empty_space][\/vc_column][\/vc_row][vc_row][vc_column width=&#8221;1\/2&#8243;][vc_row_inner][vc_column_inner &hellip; Continue reading Newcomers","og_url":"https:\/\/preference-estrie.ca\/en\/services-for-new-employees\/","og_site_name":"Pr\u00e9f\u00e9rence Estrie","article_modified_time":"2026-03-02T20:46:52+00:00","twitter_card":"summary_large_image","twitter_misc":{"Est. reading time":"2 minutes"},"schema":{"@context":"https:\/\/schema.org","@graph":[{"@type":"WebPage","@id":"https:\/\/preference-estrie.ca\/en\/services-for-new-employees\/","url":"https:\/\/preference-estrie.ca\/en\/services-for-new-employees\/","name":"Newcomers - Pr\u00e9f\u00e9rence Estrie","isPartOf":{"@id":"https:\/\/preference-estrie.ca\/#website"},"datePublished":"2021-04-30T14:30:19+00:00","dateModified":"2026-03-02T20:46:52+00:00","breadcrumb":{"@id":"https:\/\/preference-estrie.ca\/en\/services-for-new-employees\/#breadcrumb"},"inLanguage":"en-US","potentialAction":[{"@type":"ReadAction","target":["https:\/\/preference-estrie.ca\/en\/services-for-new-employees\/"]}]},{"@type":"BreadcrumbList","@id":"https:\/\/preference-estrie.ca\/en\/services-for-new-employees\/#breadcrumb","itemListElement":[{"@type":"ListItem","position":1,"name":"Accueil","item":"https:\/\/preference-estrie.ca\/en\/"},{"@type":"ListItem","position":2,"name":"Newcomers"}]},{"@type":"WebSite","@id":"https:\/\/preference-estrie.ca\/#website","url":"https:\/\/preference-estrie.ca\/","name":"Pr\u00e9f\u00e9rence Estrie","description":"","potentialAction":[{"@type":"SearchAction","target":{"@type":"EntryPoint","urlTemplate":"https:\/\/preference-estrie.ca\/?s={search_term_string}"},"query-input":{"@type":"PropertyValueSpecification","valueRequired":true,"valueName":"search_term_string"}}],"inLanguage":"en-US"}]}},"_links":{"self":[{"href":"https:\/\/preference-estrie.ca\/en\/wp-json\/wp\/v2\/pages\/14854","targetHints":{"allow":["GET"]}}],"collection":[{"href":"https:\/\/preference-estrie.ca\/en\/wp-json\/wp\/v2\/pages"}],"about":[{"href":"https:\/\/preference-estrie.ca\/en\/wp-json\/wp\/v2\/types\/page"}],"author":[{"embeddable":true,"href":"https:\/\/preference-estrie.ca\/en\/wp-json\/wp\/v2\/users\/1"}],"replies":[{"embeddable":true,"href":"https:\/\/preference-estrie.ca\/en\/wp-json\/wp\/v2\/comments?post=14854"}],"version-history":[{"count":8,"href":"https:\/\/preference-estrie.ca\/en\/wp-json\/wp\/v2\/pages\/14854\/revisions"}],"predecessor-version":[{"id":15440,"href":"https:\/\/preference-estrie.ca\/en\/wp-json\/wp\/v2\/pages\/14854\/revisions\/15440"}],"wp:attachment":[{"href":"https:\/\/preference-estrie.ca\/en\/wp-json\/wp\/v2\/media?parent=14854"}],"curies":[{"name":"wp","href":"https:\/\/api.w.org\/{rel}","templated":true}]}}